{"id":106,"date":"2024-01-30T10:58:08","date_gmt":"2024-01-30T09:58:08","guid":{"rendered":"https:\/\/mariesoyez.com\/?page_id=106"},"modified":"2025-04-11T14:02:17","modified_gmt":"2025-04-11T12:02:17","slug":"evenement","status":"publish","type":"page","link":"https:\/\/mariesoyez.com\/index.php\/evenement\/","title":{"rendered":"\u00c9v\u00e9nement"},"content":{"rendered":"<p>[et_pb_section fb_built=\u00a0\u00bb1&Prime; _builder_version=\u00a0\u00bb4.24.0&Prime; _module_preset=\u00a0\u00bbdefault\u00a0\u00bb background_color=\u00a0\u00bb#FFFFFF\u00a0\u00bb global_colors_info=\u00a0\u00bb{}\u00a0\u00bb][et_pb_row _builder_version=\u00a0\u00bb4.24.0&Prime; _module_preset=\u00a0\u00bbdefault\u00a0\u00bb global_colors_info=\u00a0\u00bb{}\u00a0\u00bb][et_pb_column type=\u00a0\u00bb4_4&Prime; _builder_version=\u00a0\u00bb4.24.0&Prime; _module_preset=\u00a0\u00bbdefault\u00a0\u00bb global_colors_info=\u00a0\u00bb{}\u00a0\u00bb][et_pb_text _builder_version=\u00a0\u00bb4.24.0&Prime; _module_preset=\u00a0\u00bbdefault\u00a0\u00bb header_font_size=\u00a0\u00bb61px\u00a0\u00bb global_colors_info=\u00a0\u00bb{}\u00a0\u00bb]<\/p>\n<h1>\u00c9v\u00e9nements<\/h1>\n<p>[\/et_pb_text][\/et_pb_column][\/et_pb_row][\/et_pb_section][et_pb_section fb_built=\u00a0\u00bb1&Prime; _builder_version=\u00a0\u00bb4.24.0&Prime; _module_preset=\u00a0\u00bbdefault\u00a0\u00bb background_color=\u00a0\u00bb#FFFFFF\u00a0\u00bb custom_padding=\u00a0\u00bb||0px|||\u00a0\u00bb global_colors_info=\u00a0\u00bb{}\u00a0\u00bb][et_pb_row _builder_version=\u00a0\u00bb4.24.0&Prime; _module_preset=\u00a0\u00bbdefault\u00a0\u00bb global_colors_info=\u00a0\u00bb{}\u00a0\u00bb column_structure=\u00a0\u00bb1_2,1_2&Prime;][et_pb_column _builder_version=\u00a0\u00bb4.24.0&Prime; _module_preset=\u00a0\u00bbdefault\u00a0\u00bb type=\u00a0\u00bb1_2&Prime;][et_pb_video src=\u00a0\u00bbhttp:\/\/mariesoyez.com\/wp-content\/uploads\/2025\/04\/Video-recap-inauguration.mp4&Prime; _builder_version=\u00a0\u00bb4.24.0&Prime; _module_preset=\u00a0\u00bbdefault\u00a0\u00bb title_text=\u00a0\u00bbVid\u00e9o recap inauguration Dunes Fertiles\u00a0\u00bb hover_enabled=\u00a0\u00bb0&Prime; sticky_enabled=\u00a0\u00bb0&Prime; max_width=\u00a0\u00bb65%\u00a0\u00bb module_alignment=\u00a0\u00bbcenter\u00a0\u00bb][\/et_pb_video][\/et_pb_column][et_pb_column type=\u00a0\u00bb1_2&Prime; _builder_version=\u00a0\u00bb4.24.0&Prime; _module_preset=\u00a0\u00bbdefault\u00a0\u00bb global_colors_info=\u00a0\u00bb{}\u00a0\u00bb][et_pb_text _builder_version=\u00a0\u00bb4.24.0&Prime; _module_preset=\u00a0\u00bbdefault\u00a0\u00bb header_text_color=\u00a0\u00bb#1F4125&Prime; header_font_size=\u00a0\u00bb61px\u00a0\u00bb header_2_font=\u00a0\u00bbRaleway||||||||\u00a0\u00bb header_2_text_color=\u00a0\u00bb#23CE6B\u00a0\u00bb header_2_font_size=\u00a0\u00bb35px\u00a0\u00bb global_colors_info=\u00a0\u00bb{}\u00a0\u00bb]<\/p>\n<h2>Inauguration des Dunes Fertiles<\/h2>\n<p>[\/et_pb_text][et_pb_text _builder_version=\u00a0\u00bb4.24.0&Prime; _module_preset=\u00a0\u00bbdefault\u00a0\u00bb text_text_color=\u00a0\u00bb#000000&Prime; link_font=\u00a0\u00bb|600|||||||\u00a0\u00bb link_text_color=\u00a0\u00bb#23CE6B\u00a0\u00bb header_text_color=\u00a0\u00bb#1F4125&Prime; header_font_size=\u00a0\u00bb61px\u00a0\u00bb header_2_font=\u00a0\u00bbRaleway||||||||\u00a0\u00bb header_2_text_color=\u00a0\u00bb#FF7096&Prime; header_2_font_size=\u00a0\u00bb35px\u00a0\u00bb global_colors_info=\u00a0\u00bb{}\u00a0\u00bb]<\/p>\n<p><a href=\"https:\/\/diagonales.info\/services\/nature\/dunes-fertiles\/\" target=\"_blank\" rel=\"noopener\">Dunes Fertiles<\/a> est un projet de micro-ferme mara\u00eech\u00e8re d&rsquo;insertion implant\u00e9 dans le parc Condorcet au coeur du quartier de<br \/>Villeneuve-les-Salines. Mis en place en 2022, le projet a lanc\u00e9 son activit\u00e9 en janvier 2024.<\/p>\n<p>Ce projet a \u00e9t\u00e9 officiellement inaugur\u00e9 le 24 mai 2024, lors du festival des <a href=\"https:\/\/www.les48h.com\/\" target=\"_blank\" rel=\"noopener\">48H de l&rsquo;Agriculture Urbaine<\/a>. A cette occasion, nous avons propos\u00e9 des visites des jardins, un pot a \u00e9t\u00e9 offert par la ville de La Rochelle et nous avons convi\u00e9s des acteurs locaux de l&rsquo;agriculture urbaine et des partenaires pour mettre en valeur leurs actions et leur impact.<\/p>\n<p><strong>Mes missions :\u00a0<\/strong><\/p>\n<ul>\n<li>G\u00e9rer les exposants<\/li>\n<li>Faire des affiches pour indiquer le lieu de l&rsquo;\u00e9v\u00e9nement<\/li>\n<li><span style=\"font-size: 16px;\">Pr\u00e9senter le projet sur l&rsquo;\u00e9v\u00e9nement et faire des photos<\/span><\/li>\n<li><span style=\"font-size: 16px;\">G\u00e9rer la logistique, le plan des exposants, le montage des stands<\/span><\/li>\n<li>Organiser des rendez-vous avec la presse communiquer avant et apr\u00e8s l&rsquo;\u00e9v\u00e9nement<\/li>\n<\/ul>\n<p><strong>Outils utilis\u00e9s :\u00a0<\/strong><\/p>\n<ul>\n<li>Notion : gestion de projet<\/li>\n<li>Canva : cr\u00e9ation de visuels<\/li>\n<li>Illustrator : cr\u00e9ation de visuels<\/li>\n<\/ul>\n<p>&nbsp;<\/p>\n<p>[\/et_pb_text][\/et_pb_column][\/et_pb_row][\/et_pb_section][et_pb_section fb_built=\u00a0\u00bb1&Prime; _builder_version=\u00a0\u00bb4.24.0&Prime; _module_preset=\u00a0\u00bbdefault\u00a0\u00bb background_color=\u00a0\u00bb#FFFFFF\u00a0\u00bb custom_padding=\u00a0\u00bb||0px|||\u00a0\u00bb hover_enabled=\u00a0\u00bb0&Prime; global_colors_info=\u00a0\u00bb{}\u00a0\u00bb sticky_enabled=\u00a0\u00bb0&Prime;][et_pb_row _builder_version=\u00a0\u00bb4.24.0&Prime; _module_preset=\u00a0\u00bbdefault\u00a0\u00bb global_colors_info=\u00a0\u00bb{}\u00a0\u00bb column_structure=\u00a0\u00bb1_2,1_2&Prime;][et_pb_column type=\u00a0\u00bb1_2&Prime; _builder_version=\u00a0\u00bb4.24.0&Prime; _module_preset=\u00a0\u00bbdefault\u00a0\u00bb global_colors_info=\u00a0\u00bb{}\u00a0\u00bb][et_pb_text _builder_version=\u00a0\u00bb4.24.0&Prime; _module_preset=\u00a0\u00bbdefault\u00a0\u00bb header_text_color=\u00a0\u00bb#1F4125&Prime; header_font_size=\u00a0\u00bb61px\u00a0\u00bb header_2_font=\u00a0\u00bbRaleway||||||||\u00a0\u00bb header_2_text_color=\u00a0\u00bb#EE4266&Prime; header_2_font_size=\u00a0\u00bb35px\u00a0\u00bb global_colors_info=\u00a0\u00bb{}\u00a0\u00bb]<\/p>\n<h2>Webinaires de Rupture Engag\u00e9e<\/h2>\n<p>[\/et_pb_text][et_pb_text _builder_version=\u00a0\u00bb4.24.0&Prime; _module_preset=\u00a0\u00bbdefault\u00a0\u00bb text_text_color=\u00a0\u00bb#000000&Prime; link_font=\u00a0\u00bb|600|||||||\u00a0\u00bb link_text_color=\u00a0\u00bb#EE4266&Prime; header_text_color=\u00a0\u00bb#1F4125&Prime; header_font_size=\u00a0\u00bb61px\u00a0\u00bb header_2_font=\u00a0\u00bbRaleway||||||||\u00a0\u00bb header_2_text_color=\u00a0\u00bb#FF7096&Prime; header_2_font_size=\u00a0\u00bb35px\u00a0\u00bb global_colors_info=\u00a0\u00bb{}\u00a0\u00bb]<\/p>\n<p><a href=\"https:\/\/ruptureengagee.com\/\" target=\"_blank\" rel=\"noopener\">Rupture Engag\u00e9e<\/a><span>\u00a0est un cabinet de conseil en RSE bas\u00e9 \u00e0 La Rochelle et Nantes. Il accompagne les entreprises et les organisations dans la structuration et le d\u00e9ploiement de leur d\u00e9marche RSE.<\/span><\/p>\n<p>Chaque mois, j&rsquo;organisais un webinaire sur des sujets vari\u00e9s, avec pour th\u00e8me central, la RSE.<\/p>\n<p><strong>Mes missions<\/strong> :<\/p>\n<ul>\n<li>Planification des webinaires<\/li>\n<li>Gestion des inscriptions<\/li>\n<li>Mod\u00e9ration lors de l&rsquo;\u00e9v\u00e9nement<\/li>\n<li>Communication des webinaires<\/li>\n<\/ul>\n<p><strong>\u00a0Outils utilis\u00e9s<\/strong> :\u00a0<\/p>\n<ul>\n<li>Canva : cr\u00e9ation des visuels<\/li>\n<li>Google Forms : gestion des inscriptions<\/li>\n<li>Google Meet : lieu de l&rsquo;\u00e9v\u00e9nement et outil d&rsquo;enregistrement<\/li>\n<li>Youtube Studio : publication des replays<\/li>\n<\/ul>\n<p>[\/et_pb_text][\/et_pb_column][et_pb_column _builder_version=\u00a0\u00bb4.24.0&Prime; _module_preset=\u00a0\u00bbdefault\u00a0\u00bb type=\u00a0\u00bb1_2&Prime;][et_pb_divider _builder_version=\u00a0\u00bb4.24.0&Prime; _module_preset=\u00a0\u00bbdefault\u00a0\u00bb show_divider=\u00a0\u00bboff\u00a0\u00bb hover_enabled=\u00a0\u00bb0&Prime; sticky_enabled=\u00a0\u00bb0&Prime; custom_padding=\u00a0\u00bb||50px|||\u00a0\u00bb][\/et_pb_divider][et_pb_video src=\u00a0\u00bbhttps:\/\/youtube.com\/playlist?list=PLllF2dlXQZfL2O5LxNEjppf4PFEocz0Fc&#038;si=NolanuFGKexe0Xyj\u00a0\u00bb _builder_version=\u00a0\u00bb4.24.0&Prime; _module_preset=\u00a0\u00bbdefault\u00a0\u00bb hover_enabled=\u00a0\u00bb0&Prime; sticky_enabled=\u00a0\u00bb0&Prime;][\/et_pb_video][et_pb_button button_url=\u00a0\u00bbhttps:\/\/youtube.com\/playlist?list=PLllF2dlXQZfL2O5LxNEjppf4PFEocz0Fc&#038;si=NolanuFGKexe0Xyj\u00a0\u00bb button_text=\u00a0\u00bbVoir les webinaires\u00a0\u00bb button_alignment=\u00a0\u00bbcenter\u00a0\u00bb _builder_version=\u00a0\u00bb4.24.0&Prime; _module_preset=\u00a0\u00bbdefault\u00a0\u00bb custom_button=\u00a0\u00bbon\u00a0\u00bb button_text_size=\u00a0\u00bb18px\u00a0\u00bb button_text_color=\u00a0\u00bb#FFFFFF\u00a0\u00bb button_bg_color=\u00a0\u00bb#EE4266&Prime; button_border_width=\u00a0\u00bb0px\u00a0\u00bb button_icon=\u00a0\u00bb&#xf06e;||fa||400&Prime; button_icon_color=\u00a0\u00bb#FFFFFF\u00a0\u00bb button_icon_placement=\u00a0\u00bbleft\u00a0\u00bb button_on_hover=\u00a0\u00bboff\u00a0\u00bb hover_enabled=\u00a0\u00bb0&Prime; global_colors_info=\u00a0\u00bb{}\u00a0\u00bb button_bg_enable_color=\u00a0\u00bbon\u00a0\u00bb sticky_enabled=\u00a0\u00bb0&Prime;][\/et_pb_button][\/et_pb_column][\/et_pb_row][\/et_pb_section]<\/p>\n","protected":false},"excerpt":{"rendered":"<p>\u00c9v\u00e9nementsInauguration des Dunes FertilesDunes Fertiles est un projet de micro-ferme mara\u00eech\u00e8re d&rsquo;insertion implant\u00e9 dans le parc Condorcet au coeur du quartier deVilleneuve-les-Salines. Mis en place en 2022, le projet a lanc\u00e9 son activit\u00e9 en janvier 2024. Ce projet a \u00e9t\u00e9 officiellement inaugur\u00e9 le 24 mai 2024, lors du festival des 48H de l&rsquo;Agriculture Urbaine. A cette occasion, nous avons propos\u00e9 des visites des jardins, un pot a \u00e9t\u00e9 offert par la ville de La Rochelle et nous avons convi\u00e9s des acteurs locaux de l&rsquo;agriculture urbaine et des partenaires pour mettre en valeur leurs actions et leur impact. Mes missions :\u00a0 G\u00e9rer les exposants Faire des affiches pour indiquer le lieu de l&rsquo;\u00e9v\u00e9nement Pr\u00e9senter le projet sur l&rsquo;\u00e9v\u00e9nement et faire des photos G\u00e9rer la logistique, le plan des exposants, le montage des stands Organiser des rendez-vous avec la presse communiquer avant et apr\u00e8s l&rsquo;\u00e9v\u00e9nement Outils utilis\u00e9s :\u00a0 Notion : gestion de projet Canva : cr\u00e9ation de visuels Illustrator : cr\u00e9ation de visuels &nbsp;Webinaires de Rupture Engag\u00e9eRupture Engag\u00e9e\u00a0est un cabinet de conseil en RSE bas\u00e9 \u00e0 La Rochelle et Nantes. Il accompagne les entreprises et les organisations dans la structuration et le d\u00e9ploiement de leur d\u00e9marche RSE. Chaque mois, j&rsquo;organisais un webinaire [&hellip;]<\/p>\n","protected":false},"author":1,"featured_media":0,"parent":0,"menu_order":0,"comment_status":"closed","ping_status":"closed","template":"","meta":{"_et_pb_use_builder":"on","_et_pb_old_content":"","_et_gb_content_width":"","footnotes":""},"class_list":["post-106","page","type-page","status-publish","hentry"],"_links":{"self":[{"href":"https:\/\/mariesoyez.com\/index.php\/wp-json\/wp\/v2\/pages\/106","targetHints":{"allow":["GET"]}}],"collection":[{"href":"https:\/\/mariesoyez.com\/index.php\/wp-json\/wp\/v2\/pages"}],"about":[{"href":"https:\/\/mariesoyez.com\/index.php\/wp-json\/wp\/v2\/types\/page"}],"author":[{"embeddable":true,"href":"https:\/\/mariesoyez.com\/index.php\/wp-json\/wp\/v2\/users\/1"}],"replies":[{"embeddable":true,"href":"https:\/\/mariesoyez.com\/index.php\/wp-json\/wp\/v2\/comments?post=106"}],"version-history":[{"count":18,"href":"https:\/\/mariesoyez.com\/index.php\/wp-json\/wp\/v2\/pages\/106\/revisions"}],"predecessor-version":[{"id":938,"href":"https:\/\/mariesoyez.com\/index.php\/wp-json\/wp\/v2\/pages\/106\/revisions\/938"}],"wp:attachment":[{"href":"https:\/\/mariesoyez.com\/index.php\/wp-json\/wp\/v2\/media?parent=106"}],"curies":[{"name":"wp","href":"https:\/\/api.w.org\/{rel}","templated":true}]}}