{"id":100,"date":"2024-01-30T10:57:29","date_gmt":"2024-01-30T09:57:29","guid":{"rendered":"https:\/\/mariesoyez.com\/?page_id=100"},"modified":"2026-03-31T14:31:54","modified_gmt":"2026-03-31T12:31:54","slug":"mon-parcours","status":"publish","type":"page","link":"https:\/\/mariesoyez.com\/index.php\/mon-parcours\/","title":{"rendered":"Mon parcours"},"content":{"rendered":"<p>[et_pb_section fb_built=\u00a0\u00bb1&Prime; _builder_version=\u00a0\u00bb4.24.0&Prime; _module_preset=\u00a0\u00bbdefault\u00a0\u00bb background_color=\u00a0\u00bb#FFFFFF\u00a0\u00bb global_colors_info=\u00a0\u00bb{}\u00a0\u00bb][et_pb_row _builder_version=\u00a0\u00bb4.24.0&Prime; _module_preset=\u00a0\u00bbdefault\u00a0\u00bb global_colors_info=\u00a0\u00bb{}\u00a0\u00bb][et_pb_column type=\u00a0\u00bb4_4&Prime; _builder_version=\u00a0\u00bb4.24.0&Prime; _module_preset=\u00a0\u00bbdefault\u00a0\u00bb global_colors_info=\u00a0\u00bb{}\u00a0\u00bb][et_pb_text _builder_version=\u00a0\u00bb4.24.0&Prime; _module_preset=\u00a0\u00bbdefault\u00a0\u00bb header_font_size=\u00a0\u00bb61px\u00a0\u00bb global_colors_info=\u00a0\u00bb{}\u00a0\u00bb]<\/p>\n<h1>Mon parcours<\/h1>\n<p>[\/et_pb_text][\/et_pb_column][\/et_pb_row][et_pb_row _builder_version=\u00a0\u00bb4.24.0&Prime; _module_preset=\u00a0\u00bbdefault\u00a0\u00bb global_colors_info=\u00a0\u00bb{}\u00a0\u00bb][et_pb_column type=\u00a0\u00bb4_4&Prime; _builder_version=\u00a0\u00bb4.24.0&Prime; _module_preset=\u00a0\u00bbdefault\u00a0\u00bb global_colors_info=\u00a0\u00bb{}\u00a0\u00bb][et_pb_text _builder_version=\u00a0\u00bb4.24.0&Prime; _module_preset=\u00a0\u00bbdefault\u00a0\u00bb custom_padding=\u00a0\u00bb||18px|||\u00a0\u00bb global_colors_info=\u00a0\u00bb{}\u00a0\u00bb]<\/p>\n<p><span>Explorez les \u00e9tapes cl\u00e9s de mon parcours, de mes formations \u00e0 mes exp\u00e9riences.<\/span><\/p>\n<p><span>D\u00e9couvrez mon parcours acad\u00e9mique et les exp\u00e9riences professionnelles qui ont fa\u00e7onn\u00e9 ma passion pour la communication.<\/span><\/p>\n<p>[\/et_pb_text][et_pb_button button_url=\u00a0\u00bbhttps:\/\/acrobat.adobe.com\/id\/urn:aaid:sc:EU:5ed45d95-6606-4666-b4ad-0737ad4a8429&Prime; url_new_window=\u00a0\u00bbon\u00a0\u00bb button_text=\u00a0\u00bbT\u00e9l\u00e9charger mon CV\u00a0\u00bb _builder_version=\u00a0\u00bb4.24.0&Prime; _module_preset=\u00a0\u00bbdefault\u00a0\u00bb custom_button=\u00a0\u00bbon\u00a0\u00bb button_text_color=\u00a0\u00bb#FFFFFF\u00a0\u00bb button_bg_color=\u00a0\u00bb#FB8B24&Prime; button_border_width=\u00a0\u00bb0px\u00a0\u00bb button_icon=\u00a0\u00bb&#xe092;||divi||400&Prime; global_colors_info=\u00a0\u00bb{}\u00a0\u00bb][\/et_pb_button][\/et_pb_column][\/et_pb_row][\/et_pb_section][et_pb_section fb_built=\u00a0\u00bb1&Prime; _builder_version=\u00a0\u00bb4.24.0&Prime; _module_preset=\u00a0\u00bbdefault\u00a0\u00bb background_color=\u00a0\u00bb#FFFFFF\u00a0\u00bb global_colors_info=\u00a0\u00bb{}\u00a0\u00bb][et_pb_row _builder_version=\u00a0\u00bb4.24.0&Prime; _module_preset=\u00a0\u00bbdefault\u00a0\u00bb hover_enabled=\u00a0\u00bb0&Prime; global_colors_info=\u00a0\u00bb{}\u00a0\u00bb sticky_enabled=\u00a0\u00bb0&Prime;][et_pb_column type=\u00a0\u00bb4_4&Prime; _builder_version=\u00a0\u00bb4.24.0&Prime; _module_preset=\u00a0\u00bbdefault\u00a0\u00bb global_colors_info=\u00a0\u00bb{}\u00a0\u00bb][dsm_content_timeline dsm_tree_animation=\u00a0\u00bbon\u00a0\u00bb dsm_fill_animation_speed=\u00a0\u00bb1400&Prime; dsm_pointer_bg_color=\u00a0\u00bb#FB8B24&Prime; dsm_pointer_active_bg_color=\u00a0\u00bb#EE4266&Prime; dsm_pointer_icon_color=\u00a0\u00bb#000000&Prime; dsm_tree_bg_color=\u00a0\u00bb#000A01&Prime; dsm_tree_active_bg_color=\u00a0\u00bb#FB8B24&Prime; dsm_icon_color=\u00a0\u00bb#59114D\u00a0\u00bb dsm_icon_bg_color=\u00a0\u00bb#59114D\u00a0\u00bb dsm_opposite_bg_color=\u00a0\u00bbRGBA(255,255,255,0)\u00a0\u00bb _builder_version=\u00a0\u00bb4.24.0&Prime; _module_preset=\u00a0\u00bbdefault\u00a0\u00bb header_text_color=\u00a0\u00bb#EE4266&Prime; content_text_color=\u00a0\u00bb#000A01&Prime; animation_style=\u00a0\u00bbfade\u00a0\u00bb animation_speed_curve=\u00a0\u00bblinear\u00a0\u00bb hover_enabled=\u00a0\u00bb0&Prime; global_colors_info=\u00a0\u00bb{}\u00a0\u00bb sticky_enabled=\u00a0\u00bb0&Prime;][dsm_content_timeline_child dsm_use_icon=\u00a0\u00bbon\u00a0\u00bb font_icon=\u00a0\u00bb&#xf0b1;||fa||900&Prime; dsm_icon_color=\u00a0\u00bb#EE4266&Prime; dsm_icon_bg_color=\u00a0\u00bbRGBA(255,255,255,0)\u00a0\u00bb dsm_icon_image_placement=\u00a0\u00bbleft\u00a0\u00bb dsm_title=\u00a0\u00bbCharg\u00e9e de communication &#038; marketing digital\u00a0\u00bb dsm_content=\u00a0\u00bb<\/p>\n<p><span style=%22color: #000000;%22>\ud83d\udcc5 2025 &#8211; 2027<\/span><\/p>\n<p><span style=%22color: #000000;%22>\ud83d\udccd <a href=%22https:\/\/ruptureengagee.com\/%22 data-et-target-link=%22_blank%22 rel=%22noopener%22>Rupture Engag\u00e9e<\/a><\/span><\/p>\n<p>\u00a0\u00bb dsm_horizontal_alignment=\u00a0\u00bbleft\u00a0\u00bb dsm_image_icon_width=\u00a0\u00bb35px\u00a0\u00bb _builder_version=\u00a0\u00bb4.24.0&Prime; _module_preset=\u00a0\u00bbdefault\u00a0\u00bb background_color=\u00a0\u00bb#FFFFFF\u00a0\u00bb background_enable_color=\u00a0\u00bbon\u00a0\u00bb hover_enabled=\u00a0\u00bb0&Prime; background_last_edited=\u00a0\u00bbon|desktop\u00a0\u00bb border_radii=\u00a0\u00bbon|10px|10px|10px|10px\u00a0\u00bb border_width_top_image_icon=\u00a0\u00bb13px\u00a0\u00bb border_color_top_image_icon=\u00a0\u00bbRGBA(255,255,255,0)\u00a0\u00bb box_shadow_style=\u00a0\u00bbpreset2&Prime; global_colors_info=\u00a0\u00bb{}\u00a0\u00bb parent_header_level=\u00a0\u00bbh4&Prime; sticky_enabled=\u00a0\u00bb0&Prime;][\/dsm_content_timeline_child][dsm_content_timeline_child dsm_use_icon=\u00a0\u00bbon\u00a0\u00bb font_icon=\u00a0\u00bb&#xf19d;||fa||900&Prime; dsm_icon_color=\u00a0\u00bb#EE4266&Prime; dsm_icon_bg_color=\u00a0\u00bbRGBA(255,255,255,0)\u00a0\u00bb dsm_icon_image_placement=\u00a0\u00bbleft\u00a0\u00bb dsm_title=\u00a0\u00bbMast\u00e8re Marketing Digital\u00a0\u00bb dsm_content=\u00a0\u00bb<\/p>\n<p><span style=%22color: #000000;%22>\ud83d\udcc5 2025 &#8211; 2027<\/span><\/p>\n<p><span style=%22color: #000000;%22>\ud83d\udccd <a href=%22https:\/\/www.isme.fr\/ecole\/campus-isme-la-rochelle\/%22 data-et-target-link=%22_blank%22 rel=%22noopener%22>ISME La Rochelle<\/a><\/span><\/p>\n<p>\u00a0\u00bb dsm_horizontal_alignment=\u00a0\u00bbleft\u00a0\u00bb dsm_image_icon_width=\u00a0\u00bb35px\u00a0\u00bb _builder_version=\u00a0\u00bb4.24.0&Prime; _module_preset=\u00a0\u00bbdefault\u00a0\u00bb background_color=\u00a0\u00bb#FFFFFF\u00a0\u00bb background_enable_color=\u00a0\u00bbon\u00a0\u00bb background_last_edited=\u00a0\u00bbon|desktop\u00a0\u00bb border_radii=\u00a0\u00bbon|10px|10px|10px|10px\u00a0\u00bb border_width_top_image_icon=\u00a0\u00bb13px\u00a0\u00bb border_color_top_image_icon=\u00a0\u00bbRGBA(255,255,255,0)\u00a0\u00bb box_shadow_style=\u00a0\u00bbpreset2&Prime; global_colors_info=\u00a0\u00bb{}\u00a0\u00bb parent_header_level=\u00a0\u00bbh4&Prime;][\/dsm_content_timeline_child][dsm_content_timeline_child dsm_use_icon=\u00a0\u00bbon\u00a0\u00bb font_icon=\u00a0\u00bb&#xf0b1;||fa||900&Prime; dsm_icon_color=\u00a0\u00bb#EE4266&Prime; dsm_icon_bg_color=\u00a0\u00bbRGBA(255,255,255,0)\u00a0\u00bb dsm_icon_image_placement=\u00a0\u00bbleft\u00a0\u00bb dsm_title=\u00a0\u00bbCharg\u00e9e de communication &#038; RSE\u00a0\u00bb dsm_content=\u00a0\u00bb<\/p>\n<p><span style=%22color: #000000;%22>\ud83d\udcc5 2024 &#8211; 2025<\/span><\/p>\n<p><span style=%22color: #000000;%22>\ud83d\udccd <a href=%22https:\/\/ruptureengagee.com\/%22 data-et-target-link=%22_blank%22 rel=%22noopener%22>Rupture Engag\u00e9e<\/a><\/span><\/p>\n<p>\u00a0\u00bb dsm_horizontal_alignment=\u00a0\u00bbleft\u00a0\u00bb dsm_image_icon_width=\u00a0\u00bb35px\u00a0\u00bb _builder_version=\u00a0\u00bb4.24.0&Prime; _module_preset=\u00a0\u00bbdefault\u00a0\u00bb background_color=\u00a0\u00bb#FFFFFF\u00a0\u00bb background_enable_color=\u00a0\u00bbon\u00a0\u00bb hover_enabled=\u00a0\u00bb0&Prime; background_last_edited=\u00a0\u00bbon|desktop\u00a0\u00bb border_radii=\u00a0\u00bbon|10px|10px|10px|10px\u00a0\u00bb border_width_top_image_icon=\u00a0\u00bb13px\u00a0\u00bb border_color_top_image_icon=\u00a0\u00bbRGBA(255,255,255,0)\u00a0\u00bb box_shadow_style=\u00a0\u00bbpreset2&Prime; global_colors_info=\u00a0\u00bb{}\u00a0\u00bb parent_header_level=\u00a0\u00bbh4&Prime; sticky_enabled=\u00a0\u00bb0&Prime;][\/dsm_content_timeline_child][dsm_content_timeline_child dsm_use_icon=\u00a0\u00bbon\u00a0\u00bb font_icon=\u00a0\u00bb&#xf19d;||fa||900&Prime; dsm_icon_color=\u00a0\u00bb#EE4266&Prime; dsm_icon_bg_color=\u00a0\u00bbRGBA(255,255,255,0)\u00a0\u00bb dsm_icon_image_placement=\u00a0\u00bbleft\u00a0\u00bb dsm_title=\u00a0\u00bbBachelor Marketing Digital &#038; Communication\u00a0\u00bb dsm_content=\u00a0\u00bb<\/p>\n<p><span style=%22color: #000000;%22>\ud83d\udcc5 2024 &#8211; 2025<\/span><\/p>\n<p><span style=%22color: #000000;%22>\ud83d\udccd <a href=%22https:\/\/www.isme.fr\/ecole\/campus-isme-la-rochelle\/%22 data-et-target-link=%22_blank%22 rel=%22noopener%22>ISME La Rochelle<\/a><\/span><\/p>\n<p>\u00a0\u00bb dsm_horizontal_alignment=\u00a0\u00bbleft\u00a0\u00bb dsm_image_icon_width=\u00a0\u00bb35px\u00a0\u00bb _builder_version=\u00a0\u00bb4.24.0&Prime; _module_preset=\u00a0\u00bbdefault\u00a0\u00bb background_color=\u00a0\u00bb#FFFFFF\u00a0\u00bb background_enable_color=\u00a0\u00bbon\u00a0\u00bb background_last_edited=\u00a0\u00bbon|desktop\u00a0\u00bb border_radii=\u00a0\u00bbon|10px|10px|10px|10px\u00a0\u00bb border_width_top_image_icon=\u00a0\u00bb13px\u00a0\u00bb border_color_top_image_icon=\u00a0\u00bbRGBA(255,255,255,0)\u00a0\u00bb box_shadow_style=\u00a0\u00bbpreset2&Prime; global_colors_info=\u00a0\u00bb{}\u00a0\u00bb parent_header_level=\u00a0\u00bbh4&Prime;][\/dsm_content_timeline_child][dsm_content_timeline_child dsm_use_icon=\u00a0\u00bbon\u00a0\u00bb font_icon=\u00a0\u00bb&#xf0b1;||fa||900&Prime; dsm_icon_color=\u00a0\u00bb#EE4266&Prime; dsm_icon_bg_color=\u00a0\u00bbRGBA(255,255,255,0)\u00a0\u00bb dsm_icon_image_placement=\u00a0\u00bbleft\u00a0\u00bb dsm_title=\u00a0\u00bbCharg\u00e9e de communication\u00a0\u00bb dsm_content=\u00a0\u00bb<\/p>\n<p><span style=%22color: #000000;%22>\ud83d\udcc5 2022 &#8211; 2024<\/span><\/p>\n<p><span style=%22color: #000000;%22>\ud83d\udccd <a href=%22https:\/\/diagonales.info\/%22 data-et-target-link=%22_blank%22 rel=%22noopener%22>R\u00e9gie de quartiers DIAGONALES<\/a><\/span><\/p>\n<p>\u00a0\u00bb dsm_horizontal_alignment=\u00a0\u00bbleft\u00a0\u00bb dsm_image_icon_width=\u00a0\u00bb35px\u00a0\u00bb _builder_version=\u00a0\u00bb4.24.0&Prime; _module_preset=\u00a0\u00bbdefault\u00a0\u00bb background_color=\u00a0\u00bb#FFFFFF\u00a0\u00bb background_enable_color=\u00a0\u00bbon\u00a0\u00bb background_last_edited=\u00a0\u00bbon|desktop\u00a0\u00bb border_radii=\u00a0\u00bbon|10px|10px|10px|10px\u00a0\u00bb border_width_top_image_icon=\u00a0\u00bb13px\u00a0\u00bb border_color_top_image_icon=\u00a0\u00bbRGBA(255,255,255,0)\u00a0\u00bb box_shadow_style=\u00a0\u00bbpreset2&Prime; global_colors_info=\u00a0\u00bb{}\u00a0\u00bb parent_header_level=\u00a0\u00bbh4&Prime;][\/dsm_content_timeline_child][dsm_content_timeline_child dsm_use_icon=\u00a0\u00bbon\u00a0\u00bb font_icon=\u00a0\u00bb&#xf19d;||fa||900&Prime; dsm_icon_color=\u00a0\u00bb#EE4266&Prime; dsm_icon_bg_color=\u00a0\u00bbRGBA(255,255,255,0)\u00a0\u00bb dsm_icon_image_placement=\u00a0\u00bbleft\u00a0\u00bb dsm_title=\u00a0\u00bbBTS Communication\u00a0\u00bb dsm_content=\u00a0\u00bb<\/p>\n<p><span style=%22color: #000000;%22>\ud83d\udcc5 2022 &#8211; 2024<\/span><\/p>\n<p><span style=%22color: #000000;%22>\ud83d\udccd <a href=%22https:\/\/www.isme.fr\/ecole\/campus-isme-la-rochelle\/%22 data-et-target-link=%22_blank%22 rel=%22noopener%22>ISME La Rochelle<\/a><\/span><\/p>\n<p>\u00a0\u00bb dsm_horizontal_alignment=\u00a0\u00bbleft\u00a0\u00bb dsm_image_icon_width=\u00a0\u00bb35px\u00a0\u00bb _builder_version=\u00a0\u00bb4.24.0&Prime; _module_preset=\u00a0\u00bbdefault\u00a0\u00bb background_color=\u00a0\u00bb#FFFFFF\u00a0\u00bb background_enable_color=\u00a0\u00bbon\u00a0\u00bb background_last_edited=\u00a0\u00bbon|desktop\u00a0\u00bb border_radii=\u00a0\u00bbon|10px|10px|10px|10px\u00a0\u00bb border_width_top_image_icon=\u00a0\u00bb13px\u00a0\u00bb border_color_top_image_icon=\u00a0\u00bbRGBA(255,255,255,0)\u00a0\u00bb box_shadow_style=\u00a0\u00bbpreset2&Prime; global_colors_info=\u00a0\u00bb{}\u00a0\u00bb parent_header_level=\u00a0\u00bbh4&Prime;][\/dsm_content_timeline_child][dsm_content_timeline_child dsm_use_icon=\u00a0\u00bbon\u00a0\u00bb font_icon=\u00a0\u00bb&#xf0b1;||fa||900&Prime; dsm_icon_color=\u00a0\u00bb#EE4266&Prime; dsm_icon_bg_color=\u00a0\u00bbRGBA(255,255,255,0)\u00a0\u00bb dsm_icon_image_placement=\u00a0\u00bbleft\u00a0\u00bb dsm_title=\u00a0\u00bbServeuse polyvalente\u00a0\u00bb dsm_content=\u00a0\u00bb<\/p>\n<p><span style=%22color: #000000;%22>\ud83d\udcc5 2022<\/span><\/p>\n<p><span style=%22color: #000000;%22>\ud83d\udccd <a href=%22https:\/\/www.centerparcs.fr\/fr-fr\/france\/fp_BD_vacances-domaine-le-bois-aux-daims%22 data-et-target-link=%22_blank%22 rel=%22noopener%22>Center Parcs Le Bois aux Daims<\/a><\/span><\/p>\n<p>\u00a0\u00bb dsm_horizontal_alignment=\u00a0\u00bbleft\u00a0\u00bb dsm_image_icon_width=\u00a0\u00bb35px\u00a0\u00bb _builder_version=\u00a0\u00bb4.24.0&Prime; _module_preset=\u00a0\u00bbdefault\u00a0\u00bb background_color=\u00a0\u00bb#FFFFFF\u00a0\u00bb background_enable_color=\u00a0\u00bbon\u00a0\u00bb background_last_edited=\u00a0\u00bbon|desktop\u00a0\u00bb border_radii=\u00a0\u00bbon|10px|10px|10px|10px\u00a0\u00bb border_width_top_image_icon=\u00a0\u00bb13px\u00a0\u00bb border_color_top_image_icon=\u00a0\u00bbRGBA(255,255,255,0)\u00a0\u00bb box_shadow_style=\u00a0\u00bbpreset2&Prime; global_colors_info=\u00a0\u00bb{}\u00a0\u00bb parent_header_level=\u00a0\u00bbh4&Prime;][\/dsm_content_timeline_child][dsm_content_timeline_child dsm_use_icon=\u00a0\u00bbon\u00a0\u00bb font_icon=\u00a0\u00bb&#xf19d;||fa||900&Prime; dsm_icon_color=\u00a0\u00bb#EE4266&Prime; dsm_icon_bg_color=\u00a0\u00bbRGBA(255,255,255,0)\u00a0\u00bb dsm_icon_image_placement=\u00a0\u00bbleft\u00a0\u00bb dsm_title=\u00a0\u00bbBAC G\u00e9n\u00e9ral\u00a0\u00bb dsm_content=\u00a0\u00bb<\/p>\n<p><span style=%22color: #000000;%22>\ud83d\udcc5 2019 &#8211; 2022<\/span><\/p>\n<p><span style=%22color: #000000;%22>\ud83d\udccd <a href=%22http:\/\/lycee-guychauvet.fr\/%22 data-et-target-link=%22_blank%22 rel=%22noopener%22>Lyc\u00e9e Guy Chauvet<\/a><\/span><\/p>\n<p>\u00a0\u00bb dsm_horizontal_alignment=\u00a0\u00bbleft\u00a0\u00bb dsm_image_icon_width=\u00a0\u00bb35px\u00a0\u00bb _builder_version=\u00a0\u00bb4.24.0&Prime; _module_preset=\u00a0\u00bbdefault\u00a0\u00bb background_color=\u00a0\u00bb#FFFFFF\u00a0\u00bb background_enable_color=\u00a0\u00bbon\u00a0\u00bb background_last_edited=\u00a0\u00bbon|desktop\u00a0\u00bb border_radii=\u00a0\u00bbon|10px|10px|10px|10px\u00a0\u00bb border_width_top_image_icon=\u00a0\u00bb13px\u00a0\u00bb border_color_top_image_icon=\u00a0\u00bbRGBA(255,255,255,0)\u00a0\u00bb box_shadow_style=\u00a0\u00bbpreset2&Prime; global_colors_info=\u00a0\u00bb{}\u00a0\u00bb parent_header_level=\u00a0\u00bbh4&Prime;][\/dsm_content_timeline_child][\/dsm_content_timeline][\/et_pb_column][\/et_pb_row][\/et_pb_section]<\/p>\n","protected":false},"excerpt":{"rendered":"<p>Mon parcoursExplorez les \u00e9tapes cl\u00e9s de mon parcours, de mes formations \u00e0 mes exp\u00e9riences. D\u00e9couvrez mon parcours acad\u00e9mique et les exp\u00e9riences professionnelles qui ont fa\u00e7onn\u00e9 ma passion pour la communication.<div class=\"et_pb_module dsm_content_timeline dsm_content_timeline_0 et_animated\">\n\t\t\t\t\n\t\t\t\t\n\t\t\t\t\n\t\t\t\t\n\t\t\t\t\n\t\t\t\t\n\t\t\t\t<div class=\"et_pb_module_inner\">\n\t\t\t\t\t<div class=\"dsm-content-timeline-items-wrapper dsm-center\" data-tree-animation=\"on\" data-tree-animation-tablet=\"\" data-tree-animation-phone=\"\" data-image_lightbox=\"off\">\n\t\t\t<div class=\"dsm-content-timeline-tree\">\n\t\t\t\t<div class=\"dsm-content-timeline-tree-progress\"><\/div>\n\t\t\t<\/div>\n\t\t   \n\t\t<\/div>\n\t\t\n\t\t\t\t<\/div>\n\t\t\t<\/div><div class=\"dsm-content-timeline-item-wrapper dsm_content_timeline_child_0\">\n\t\t\t\t\n\t\t\t\t<div class=\"dsm-content-timeline-content-wrapper dsm_wrapper_dsm_content_timeline_child_0 dsm-visibility\">   \t\t\n\t\t\t\t\t\n\t\t\t\t\t\n\t\t\t\t\t<span class=\"dsm-icon-wrapper\"><span class=\"dsm_icon\">\uf0b1<\/span><\/span>\n\t\t\t\t\t<div class=\"dsm-timeline-content\">\n\t\t\t\t\t\t<h4 class=\"dsm-title\">Charg\u00e9e de communication &#038; marketing digital<\/h4>\n\t\t\t\t\t\t<div class=\"dsm-description\">\ud83d\udcc5 2025 - 2027 \ud83d\udccd Rupture Engag\u00e9e<\/div>\n\t\t\t\t\t\t\n\t\t\t\t\t\t\n\t\t\t\t\t<\/div>\t\n\t\t\t\t<\/div>\n\t\t\t\t<div class=\"dsm-pointer-wrapper\">\n\t\t\t\t\t\n\t\t\t\t\t\n\t\t\t\t<\/div>\n\t\t\t<\/div><div class=\"dsm-content-timeline-item-wrapper dsm_content_timeline_child_1\">\n\t\t\t\t\n\t\t\t\t<div class=\"dsm-content-timeline-content-wrapper dsm_wrapper_dsm_content_timeline_child_1 dsm-visibility\">   \t\t\n\t\t\t\t\t\n\t\t\t\t\t\n\t\t\t\t\t<span class=\"dsm-icon-wrapper\"><span class=\"dsm_icon\">\uf19d<\/span><\/span>\n\t\t\t\t\t<div class=\"dsm-timeline-content\">\n\t\t\t\t\t\t<h4 class=\"dsm-title\">Mast\u00e8re Marketing Digital<\/h4>\n\t\t\t\t\t\t<div class=\"dsm-description\">\ud83d\udcc5 2025 - 2027 \ud83d\udccd ISME La Rochelle<\/div>\n\t\t\t\t\t\t\n\t\t\t\t\t\t\n\t\t\t\t\t<\/div>\t\n\t\t\t\t<\/div>\n\t\t\t\t<div class=\"dsm-pointer-wrapper\">\n\t\t\t\t\t\n\t\t\t\t\t\n\t\t\t\t<\/div>\n\t\t\t<\/div><div class=\"dsm-content-timeline-item-wrapper dsm_content_timeline_child_2\">\n\t\t\t\t\n\t\t\t\t<div class=\"dsm-content-timeline-content-wrapper dsm_wrapper_dsm_content_timeline_child_2 dsm-visibility\">   \t\t\n\t\t\t\t\t\n\t\t\t\t\t\n\t\t\t\t\t<span class=\"dsm-icon-wrapper\"><span class=\"dsm_icon\">\uf0b1<\/span><\/span>\n\t\t\t\t\t<div class=\"dsm-timeline-content\">\n\t\t\t\t\t\t<h4 class=\"dsm-title\">Charg\u00e9e de communication &#038; RSE<\/h4>\n\t\t\t\t\t\t<div class=\"dsm-description\">\ud83d\udcc5 2024 - 2025 \ud83d\udccd Rupture Engag\u00e9e<\/div>\n\t\t\t\t\t\t\n\t\t\t\t\t\t\n\t\t\t\t\t<\/div>\t\n\t\t\t\t<\/div>\n\t\t\t\t<div class=\"dsm-pointer-wrapper\">\n\t\t\t\t\t\n\t\t\t\t\t\n\t\t\t\t<\/div>\n\t\t\t<\/div><div class=\"dsm-content-timeline-item-wrapper dsm_content_timeline_child_3\">\n\t\t\t\t\n\t\t\t\t<div class=\"dsm-content-timeline-content-wrapper dsm_wrapper_dsm_content_timeline_child_3 dsm-visibility\">   \t\t\n\t\t\t\t\t\n\t\t\t\t\t\n\t\t\t\t\t<span class=\"dsm-icon-wrapper\"><span class=\"dsm_icon\">\uf19d<\/span><\/span>\n\t\t\t\t\t<div class=\"dsm-timeline-content\">\n\t\t\t\t\t\t<h4 class=\"dsm-title\">Bachelor Marketing Digital &#038; Communication<\/h4>\n\t\t\t\t\t\t<div class=\"dsm-description\">\ud83d\udcc5 2024 - 2025 \ud83d\udccd ISME La Rochelle<\/div>\n\t\t\t\t\t\t\n\t\t\t\t\t\t\n\t\t\t\t\t<\/div>\t\n\t\t\t\t<\/div>\n\t\t\t\t<div class=\"dsm-pointer-wrapper\">\n\t\t\t\t\t\n\t\t\t\t\t\n\t\t\t\t<\/div>\n\t\t\t<\/div><div class=\"dsm-content-timeline-item-wrapper dsm_content_timeline_child_4\">\n\t\t\t\t\n\t\t\t\t<div class=\"dsm-content-timeline-content-wrapper dsm_wrapper_dsm_content_timeline_child_4 dsm-visibility\">   \t\t\n\t\t\t\t\t\n\t\t\t\t\t\n\t\t\t\t\t\n\t\t\t\t\t<div class=\"dsm-timeline-content\">\n\t\t\t\t\t\t<h4 class=\"dsm-title\">\u00bbCharg\u00e9e<\/h4>\n\t\t\t\t\t\t<div class=\"dsm-description\">\u00bb\ud83d\udcc5<\/div>\n\t\t\t\t\t\t\n\t\t\t\t\t\t\n\t\t\t\t\t<\/div>\t\n\t\t\t\t<\/div>\n\t\t\t\t<div class=\"dsm-pointer-wrapper\">\n\t\t\t\t\t\n\t\t\t\t\t\n\t\t\t\t<\/div>\n\t\t\t<\/div><\/p>\n","protected":false},"author":1,"featured_media":0,"parent":0,"menu_order":0,"comment_status":"closed","ping_status":"closed","template":"","meta":{"_et_pb_use_builder":"on","_et_pb_old_content":"","_et_gb_content_width":"","footnotes":""},"class_list":["post-100","page","type-page","status-publish","hentry"],"_links":{"self":[{"href":"https:\/\/mariesoyez.com\/index.php\/wp-json\/wp\/v2\/pages\/100","targetHints":{"allow":["GET"]}}],"collection":[{"href":"https:\/\/mariesoyez.com\/index.php\/wp-json\/wp\/v2\/pages"}],"about":[{"href":"https:\/\/mariesoyez.com\/index.php\/wp-json\/wp\/v2\/types\/page"}],"author":[{"embeddable":true,"href":"https:\/\/mariesoyez.com\/index.php\/wp-json\/wp\/v2\/users\/1"}],"replies":[{"embeddable":true,"href":"https:\/\/mariesoyez.com\/index.php\/wp-json\/wp\/v2\/comments?post=100"}],"version-history":[{"count":65,"href":"https:\/\/mariesoyez.com\/index.php\/wp-json\/wp\/v2\/pages\/100\/revisions"}],"predecessor-version":[{"id":968,"href":"https:\/\/mariesoyez.com\/index.php\/wp-json\/wp\/v2\/pages\/100\/revisions\/968"}],"wp:attachment":[{"href":"https:\/\/mariesoyez.com\/index.php\/wp-json\/wp\/v2\/media?parent=100"}],"curies":[{"name":"wp","href":"https:\/\/api.w.org\/{rel}","templated":true}]}}